{"id":90,"date":"2023-04-17T10:33:13","date_gmt":"2023-04-17T08:33:13","guid":{"rendered":"https:\/\/dinezinedesign.com\/?page_id=90"},"modified":"2023-04-20T11:02:40","modified_gmt":"2023-04-20T09:02:40","slug":"lagence","status":"publish","type":"page","link":"https:\/\/dinezinedesign.com\/index.php\/lagence\/","title":{"rendered":"L&rsquo;agence"},"content":{"rendered":"<p>[vc_row][vc_column width=\u00a0\u00bb1\/2&Prime;][vc_column_text]<\/p>\n<h3 class=\"has-x-large-font-size\"><strong>\u00c0 propos<\/strong><\/h3>\n<p>Dinezine Design, c\u2019est avant tout un \u00e9tat d\u2019esprit, celui d\u2019<strong>une \u00e9quipe r\u00e9active<\/strong>, canalisant son inspiration autour de vos projets. Quelque soit votre secteur d\u2019activit\u00e9 ou la taille de votre entreprise, <strong>nous sommes l\u00e0 pour vous conseiller et concevoir la promotion de vos id\u00e9es<\/strong> sous toutes leurs formes et dans les moindres d\u00e9tails.<br \/>\nEv\u00e9nements d\u2019envergure internationale ou locale, communication promotionnelle ou institutionnelle, <strong>nous mettons notre r\u00e9activit\u00e9 et notre efficacit\u00e9 \u00e0 votre service<\/strong>.<br \/>\nAgence de communication globale depuis 2004, Dinezine Design est le fruit d\u2019une collaboration entre 3 personnes issues d\u2019\u00e9coles europ\u00e9ennes de design produit, design graphique et notamment <strong>vainqueur du renomm\u00e9 concours RSA<\/strong> (Royal Society of Art) en 2004.[\/vc_column_text][\/vc_column][vc_column width=\u00a0\u00bb1\/2&Prime;][vc_column_text]<\/p>\n<h3 class=\"has-x-large-font-size\"><strong>Nos r\u00e9f\u00e9rences<\/strong><\/h3>\n<p>Produits de consommation, administrations, offices de tourisme, marques de grande distribution\u2026.<br \/>\nLa diversit\u00e9 de nos r\u00e9alisations nous permet de nous adapter au mieux \u00e0 la mise en oeuvre de votre projet.<\/p>\n<p>&nbsp;[\/vc_column_text][\/vc_column][\/vc_row][vc_row][vc_column][tm_restaurant_carousel image_size=\u00a0\u00bbcustom\u00a0\u00bb equal_height=\u00a0\u00bb1&Prime; gutter=\u00a0\u00bb30&Prime; items_display=\u00a0\u00bbxs:1;sm:2;md:5;lg:5&Prime; items=\u00a0\u00bb%5B%7B%22image%22%3A%22242%22%2C%22link%22%3A%22Link%22%7D%2C%7B%22image%22%3A%22241%22%2C%22link%22%3A%22Link%22%7D%2C%7B%22image%22%3A%22263%22%2C%22link%22%3A%22Link%22%7D%2C%7B%22image%22%3A%22243%22%2C%22link%22%3A%22Link%22%7D%2C%7B%22image%22%3A%22277%22%2C%22link%22%3A%22Link%22%7D%2C%7B%22image%22%3A%22238%22%2C%22link%22%3A%22Link%22%7D%2C%7B%22image%22%3A%22267%22%2C%22link%22%3A%22Link%22%7D%2C%7B%22image%22%3A%22265%22%2C%22link%22%3A%22Link%22%7D%2C%7B%22image%22%3A%22239%22%2C%22link%22%3A%22Link%22%7D%2C%7B%22image%22%3A%22240%22%2C%22link%22%3A%22Link%22%7D%2C%7B%22image%22%3A%22266%22%2C%22link%22%3A%22Link%22%7D%2C%7B%22image%22%3A%22237%22%2C%22link%22%3A%22Link%22%7D%2C%7B%22image%22%3A%22264%22%2C%22link%22%3A%22Link%22%7D%2C%7B%22image%22%3A%22261%22%2C%22link%22%3A%22Link%22%7D%2C%7B%22image%22%3A%22262%22%2C%22link%22%3A%22Link%22%7D%2C%7B%22image%22%3A%22276%22%2C%22link%22%3A%22Link%22%7D%2C%7B%22image%22%3A%22275%22%2C%22link%22%3A%22Link%22%7D%2C%7B%22image%22%3A%22274%22%2C%22link%22%3A%22Link%22%7D%2C%7B%22image%22%3A%22273%22%2C%22link%22%3A%22Link%22%7D%2C%7B%22image%22%3A%22272%22%2C%22link%22%3A%22Link%22%7D%2C%7B%22image%22%3A%22271%22%2C%22link%22%3A%22Link%22%7D%2C%7B%22image%22%3A%22270%22%2C%22link%22%3A%22Link%22%7D%5D\u00a0\u00bb image_size_width=\u00a0\u00bb200&Prime; image_size_height=\u00a0\u00bb200&Prime; auto_play=\u00a0\u00bb1000&Prime;][\/vc_column][\/vc_row]<\/p>\n","protected":false},"excerpt":{"rendered":"<p>[vc_row][vc_column width=\u00a0\u00bb1\/2&Prime;][vc_column_text] \u00c0 propos Dinezine Design, c\u2019est avant tout un \u00e9tat d\u2019esprit, celui d\u2019une \u00e9quipe r\u00e9active, canalisant son inspiration autour de vos projets. Quelque soit votre secteur d\u2019activit\u00e9 ou la taille de votre entreprise, nous sommes l\u00e0 pour vous conseiller et concevoir la promotion de vos id\u00e9es sous toutes leurs formes et dans les moindres d\u00e9tails. Ev\u00e9nements d\u2019envergure internationale ou locale, communication promotionnelle ou institutionnelle, nous mettons notre r\u00e9activit\u00e9 et notre efficacit\u00e9 \u00e0 votre service. Agence de communication globale depuis 2004, Dinezine Design est le fruit d\u2019une collaboration entre 3 personnes issues d\u2019\u00e9coles europ\u00e9ennes de design produit, design graphique et notamment vainqueur du renomm\u00e9 concours RSA (Royal Society of Art) en 2004.[\/vc_column_text][\/vc_column][vc_column width=\u00a0\u00bb1\/2&Prime;][vc_column_text] Nos r\u00e9f\u00e9rences Produits de consommation, administrations, offices de tourisme, marques de grande distribution\u2026. La diversit\u00e9 de nos r\u00e9alisations nous permet de nous adapter au mieux \u00e0 la mise en oeuvre de votre projet. &nbsp;[\/vc_column_text][\/vc_column][\/vc_row][vc_row][vc_column][tm_restaurant_carousel image_size=\u00a0\u00bbcustom\u00a0\u00bb equal_height=\u00a0\u00bb1&Prime; gutter=\u00a0\u00bb30&Prime; items_display=\u00a0\u00bbxs:1;sm:2;md:5;lg:5&Prime; items=\u00a0\u00bb%5B%7B%22image%22%3A%22242%22%2C%22link%22%3A%22Link%22%7D%2C%7B%22image%22%3A%22241%22%2C%22link%22%3A%22Link%22%7D%2C%7B%22image%22%3A%22263%22%2C%22link%22%3A%22Link%22%7D%2C%7B%22image%22%3A%22243%22%2C%22link%22%3A%22Link%22%7D%2C%7B%22image%22%3A%22277%22%2C%22link%22%3A%22Link%22%7D%2C%7B%22image%22%3A%22238%22%2C%22link%22%3A%22Link%22%7D%2C%7B%22image%22%3A%22267%22%2C%22link%22%3A%22Link%22%7D%2C%7B%22image%22%3A%22265%22%2C%22link%22%3A%22Link%22%7D%2C%7B%22image%22%3A%22239%22%2C%22link%22%3A%22Link%22%7D%2C%7B%22image%22%3A%22240%22%2C%22link%22%3A%22Link%22%7D%2C%7B%22image%22%3A%22266%22%2C%22link%22%3A%22Link%22%7D%2C%7B%22image%22%3A%22237%22%2C%22link%22%3A%22Link%22%7D%2C%7B%22image%22%3A%22264%22%2C%22link%22%3A%22Link%22%7D%2C%7B%22image%22%3A%22261%22%2C%22link%22%3A%22Link%22%7D%2C%7B%22image%22%3A%22262%22%2C%22link%22%3A%22Link%22%7D%2C%7B%22image%22%3A%22276%22%2C%22link%22%3A%22Link%22%7D%2C%7B%22image%22%3A%22275%22%2C%22link%22%3A%22Link%22%7D%2C%7B%22image%22%3A%22274%22%2C%22link%22%3A%22Link%22%7D%2C%7B%22image%22%3A%22273%22%2C%22link%22%3A%22Link%22%7D%2C%7B%22image%22%3A%22272%22%2C%22link%22%3A%22Link%22%7D%2C%7B%22image%22%3A%22271%22%2C%22link%22%3A%22Link%22%7D%2C%7B%22image%22%3A%22270%22%2C%22link%22%3A%22Link%22%7D%5D\u00a0\u00bb image_size_width=\u00a0\u00bb200&Prime; image_size_height=\u00a0\u00bb200&Prime; auto_play=\u00a0\u00bb1000&Prime;][\/vc_column][\/vc_row]<\/p>\n","protected":false},"author":1,"featured_media":0,"parent":0,"menu_order":0,"comment_status":"closed","ping_status":"closed","template":"","meta":[],"_links":{"self":[{"href":"https:\/\/dinezinedesign.com\/index.php\/wp-json\/wp\/v2\/pages\/90"}],"collection":[{"href":"https:\/\/dinezinedesign.com\/index.php\/wp-json\/wp\/v2\/pages"}],"about":[{"href":"https:\/\/dinezinedesign.com\/index.php\/wp-json\/wp\/v2\/types\/page"}],"author":[{"embeddable":true,"href":"https:\/\/dinezinedesign.com\/index.php\/wp-json\/wp\/v2\/users\/1"}],"replies":[{"embeddable":true,"href":"https:\/\/dinezinedesign.com\/index.php\/wp-json\/wp\/v2\/comments?post=90"}],"version-history":[{"count":34,"href":"https:\/\/dinezinedesign.com\/index.php\/wp-json\/wp\/v2\/pages\/90\/revisions"}],"predecessor-version":[{"id":293,"href":"https:\/\/dinezinedesign.com\/index.php\/wp-json\/wp\/v2\/pages\/90\/revisions\/293"}],"wp:attachment":[{"href":"https:\/\/dinezinedesign.com\/index.php\/wp-json\/wp\/v2\/media?parent=90"}],"curies":[{"name":"wp","href":"https:\/\/api.w.org\/{rel}","templated":true}]}}